{"id":4421,"date":"2008-11-24T01:40:19","date_gmt":"2008-11-24T01:40:19","guid":{"rendered":"http:\/\/inacreditavel.ioio.info\/?page_id=4421"},"modified":"2008-11-24T01:40:19","modified_gmt":"2008-11-24T01:40:19","slug":"astrologia-chinesa","status":"publish","type":"page","link":"http:\/\/www.inacreditavel.pt\/?page_id=4421","title":{"rendered":"Astrologia Chinesa"},"content":{"rendered":"<p><strong>Astrologia Chinesa, por Ling Po<\/strong><\/p>\n<p>Qual o seu signo?<\/p>\n<p>Os signos: Rato, Bufalo, Tigre, Lebre, Drag\u00e3o, Serpente, Cavalo, Cabra, Macaco, Galo, C\u00e3o, Javali.<\/p>\n<p>Introdu\u00e7\u00e3o: Origem dos signos chineses<\/p>\n<p>Diz a lenda que, no fim da sua vida, Buda chamou os animais e estes foram a correr ter com ele. Por ordem de chegada estes animais foram: o Rato, o B\u00fafalo, o Tigre, o Coelho ou Lebre (na tradi\u00e7\u00e3o Vietnamita \u00e9 Gato, em analogia com as suas caracter\u00edsticas simb\u00f3licas), o Drag\u00e3o, a Serpente, o Cavalo, a Cabra, o Macaco, o Galo, o C\u00e3o e o Javali.<br \/>\nDesde ent\u00e3o cada Ano Novo \u00e9 designado pelo nome de um desses animais e as caracter\u00edsticas e simbolismo desses animais marcam os nascidos durante esse ano.<\/p>\n<p>Os anos do calend\u00e1rio chin\u00eas n\u00e3o t\u00eam uma correspond\u00eancia directa com os anos do nosso calend\u00e1rio, pelo que se junta aqui uma tabela com a correspond\u00eancia entre o ano Chin\u00eas e o nosso. Note-se que este, em rela\u00e7\u00e3o ao nosso, n\u00e3o come\u00e7a nem no in\u00edcio do ano, nem sequer na mesma data.<\/p>\n<p><strong>Veja ent\u00e3o qual o seu signo na astrologia chinesa<\/strong><\/p>\n<p>Tabela Datas (ano\/dia\/m\u00eas)-Signos<\/p>\n<table border=\"0\" width=\"60%\" align=\"DEFAULT\">\n<tbody>\n<tr>\n<td width=\"40%\" align=\"left\" valign=\"top\">Desde<\/td>\n<td width=\"40%\" align=\"left\" valign=\"top\">At\u00e9<\/td>\n<td align=\"left\" valign=\"top\">Signo Chin\u00eas<\/td>\n<\/tr>\n<tr>\n<td><\/td>\n<td><\/td>\n<td><\/td>\n<\/tr>\n<tr>\n<td align=\"left\" valign=\"top\">1936\/24\/1<\/td>\n<td align=\"left\" valign=\"top\">1937\/1\/2<\/td>\n<td align=\"left\" valign=\"top\">Rato<\/td>\n<\/tr>\n<tr>\n<td align=\"left\" valign=\"top\">1937\/12\/2<\/td>\n<td align=\"left\" valign=\"top\">1938\/31\/1<\/td>\n<td align=\"left\" valign=\"top\">Bufalo<\/td>\n<\/tr>\n<tr>\n<td align=\"left\" valign=\"top\">1938\/1\/2<\/td>\n<td align=\"left\" valign=\"top\">1939\/18\/2<\/td>\n<td align=\"left\" valign=\"top\">Tigre<\/td>\n<\/tr>\n<tr>\n<td align=\"left\" valign=\"top\">1939\/19\/2<\/td>\n<td align=\"left\" valign=\"top\">1940\/7\/2<\/td>\n<td align=\"left\" valign=\"top\">Lebre<\/td>\n<\/tr>\n<tr>\n<td align=\"left\" valign=\"top\">1940\/8\/2<\/td>\n<td align=\"left\" valign=\"top\">1941\/26\/1<\/td>\n<td align=\"left\" valign=\"top\">Drag\u00e3o<\/td>\n<\/tr>\n<tr>\n<td align=\"left\" valign=\"top\">1941\/27\/1<\/td>\n<td align=\"left\" valign=\"top\">1942\/15\/2<\/td>\n<td align=\"left\" valign=\"top\">Serpente<\/td>\n<\/tr>\n<tr>\n<td align=\"left\" valign=\"top\">1942\/16\/2<\/td>\n<td align=\"left\" valign=\"top\">1943\/4\/2<\/td>\n<td align=\"left\" valign=\"top\">Cavalo<\/td>\n<\/tr>\n<tr>\n<td align=\"left\" valign=\"top\">1943\/5\/2<\/td>\n<td align=\"left\" valign=\"top\">1944\/25\/1<\/td>\n<td align=\"left\" valign=\"top\">Cabra<\/td>\n<\/tr>\n<tr>\n<td align=\"left\" valign=\"top\">1944\/26\/1<\/td>\n<td align=\"left\" valign=\"top\">1945\/12\/2<\/td>\n<td align=\"left\" valign=\"top\">Macaco<\/td>\n<\/tr>\n<tr>\n<td align=\"left\" valign=\"top\">1945\/13\/2<\/td>\n<td align=\"left\" valign=\"top\">1946\/1\/2<\/td>\n<td align=\"left\" valign=\"top\">Galo<\/td>\n<\/tr>\n<tr>\n<td align=\"left\" valign=\"top\">1946\/2\/2<\/td>\n<td align=\"left\" valign=\"top\">1947\/21\/1<\/td>\n<td align=\"left\" valign=\"top\">C\u00e3o<\/td>\n<\/tr>\n<tr>\n<td align=\"left\" valign=\"top\">1947\/22\/1<\/td>\n<td align=\"left\" valign=\"top\">1948\/9\/2<\/td>\n<td align=\"left\" valign=\"top\">Javali<\/td>\n<\/tr>\n<tr>\n<td align=\"left\" valign=\"top\"><\/td>\n<td align=\"left\" valign=\"top\"><\/td>\n<td align=\"left\" valign=\"top\"><\/td>\n<\/tr>\n<tr>\n<td align=\"left\" valign=\"top\">1948\/10\/2<\/td>\n<td align=\"left\" valign=\"top\">1949\/29\/1<\/td>\n<td align=\"left\" valign=\"top\">Rato<\/td>\n<\/tr>\n<tr>\n<td align=\"left\" valign=\"top\">1949\/30\/1<\/td>\n<td align=\"left\" valign=\"top\">1950\/17\/2<\/td>\n<td align=\"left\" valign=\"top\">B\u00fafalo<\/td>\n<\/tr>\n<tr>\n<td align=\"left\" valign=\"top\">1950\/18\/2<\/td>\n<td align=\"left\" valign=\"top\">1951\/6\/2<\/td>\n<td align=\"left\" valign=\"top\">Tigre<\/td>\n<\/tr>\n<tr>\n<td align=\"left\" valign=\"top\">1951\/7\/2<\/td>\n<td align=\"left\" valign=\"top\">1952\/26\/1<\/td>\n<td align=\"left\" valign=\"top\">Lebre<\/td>\n<\/tr>\n<tr>\n<td align=\"left\" valign=\"top\">1952\/27\/1<\/td>\n<td align=\"left\" valign=\"top\">1953\/14\/2<\/td>\n<td align=\"left\" valign=\"top\">Drag\u00e3o<\/td>\n<\/tr>\n<tr>\n<td>1953\/15\/2<\/td>\n<td>1954\/3\/2<\/td>\n<td>Serpente<\/td>\n<\/tr>\n<tr>\n<td>1954\/4\/2<\/td>\n<td>1955\/23\/1<\/td>\n<td>Cavalo<\/td>\n<\/tr>\n<tr>\n<td>1955\/24\/1<\/td>\n<td>1956\/11\/2<\/td>\n<td>Cabra<\/td>\n<\/tr>\n<tr>\n<td>1956\/12\/2<\/td>\n<td>1957\/30\/1<\/td>\n<td>Macaco<\/td>\n<\/tr>\n<tr>\n<td>1957\/31\/1<\/td>\n<td>1958\/18\/2<\/td>\n<td>Galo<\/td>\n<\/tr>\n<tr>\n<td>1958\/19\/2<\/td>\n<td>1959\/7\/2<\/td>\n<td>C\u00e3o<\/td>\n<\/tr>\n<tr>\n<td>1959\/8\/2<\/td>\n<td>1960\/27\/1<\/td>\n<td>Javali<\/td>\n<\/tr>\n<tr>\n<td><\/td>\n<td><\/td>\n<td><\/td>\n<\/tr>\n<tr>\n<td>1960\/28\/1<\/td>\n<td>1961\/15\/2<\/td>\n<td>Rato<\/td>\n<\/tr>\n<tr>\n<td>1961\/16\/2<\/td>\n<td>1962\/4\/2<\/td>\n<td>B\u00fafalo<\/td>\n<\/tr>\n<tr>\n<td>1962\/5\/2<\/td>\n<td>1963\/25\/1<\/td>\n<td>Tigre<\/td>\n<\/tr>\n<tr>\n<td>1963\/26\/1<\/td>\n<td>1964\/13\/2<\/td>\n<td>Lebre<\/td>\n<\/tr>\n<tr>\n<td>1964\/14\/2<\/td>\n<td>1965\/2\/2<\/td>\n<td>Drag\u00e3o<\/td>\n<\/tr>\n<tr>\n<td>1965\/3\/2<\/td>\n<td>1966\/21\/1<\/td>\n<td>Serpente<\/td>\n<\/tr>\n<tr>\n<td>1966\/22\/1<\/td>\n<td>1967\/8\/2<\/td>\n<td>Cavalo<\/td>\n<\/tr>\n<tr>\n<td>1967\/9\/2<\/td>\n<td>1968\/29\/1<\/td>\n<td>Cabra<\/td>\n<\/tr>\n<tr>\n<td>1968\/30\/1<\/td>\n<td>1969\/16\/2<\/td>\n<td>Macaco<\/td>\n<\/tr>\n<tr>\n<td>1969\/17\/2<\/td>\n<td>1970\/5\/2<\/td>\n<td>Galo<\/td>\n<\/tr>\n<tr>\n<td>1970\/6\/2<\/td>\n<td>1971\/26\/1<\/td>\n<td>C\u00e3o<\/td>\n<\/tr>\n<tr>\n<td>1971\/27\/1<\/td>\n<td>1972\/18\/2<\/td>\n<td>Javali<\/td>\n<\/tr>\n<tr>\n<td><\/td>\n<td><\/td>\n<td><\/td>\n<\/tr>\n<tr>\n<td>1972\/19\/2<\/td>\n<td>1973\/2\/2<\/td>\n<td>Rato<\/td>\n<\/tr>\n<tr>\n<td>1973\/3\/2<\/td>\n<td>1974\/23\/1<\/td>\n<td>Bufalo<\/td>\n<\/tr>\n<tr>\n<td>1974\/24\/1<\/td>\n<td>1975\/10\/2<\/td>\n<td>Tigre<\/td>\n<\/tr>\n<tr>\n<td>1975\/11\/2<\/td>\n<td>1976\/30\/1<\/td>\n<td>Lebre<\/td>\n<\/tr>\n<tr>\n<td>1976\/31\/1<\/td>\n<td>1977\/17\/2<\/td>\n<td>Drag\u00e3o<\/td>\n<\/tr>\n<tr>\n<td>1977\/18\/2<\/td>\n<td>1978\/7\/2<\/td>\n<td>Serpente<\/td>\n<\/tr>\n<tr>\n<td>1978\/8\/2<\/td>\n<td>1979\/27\/1<\/td>\n<td>Cavalo<\/td>\n<\/tr>\n<tr>\n<td>1979\/28\/1<\/td>\n<td>1980\/15\/2<\/td>\n<td>Cabra<\/td>\n<\/tr>\n<tr>\n<td>1980\/16\/2<\/td>\n<td>1981\/4\/2<\/td>\n<td>Macaco<\/td>\n<\/tr>\n<tr>\n<td>1981\/5\/2<\/td>\n<td>1982\/24\/1<\/td>\n<td>Galo<\/td>\n<\/tr>\n<tr>\n<td>1982\/25\/1<\/td>\n<td>1983\/12\/2<\/td>\n<td>C\u00e3o<\/td>\n<\/tr>\n<tr>\n<td>1983\/13\/2<\/td>\n<td>1984\/1\/2<\/td>\n<td>Javali<\/td>\n<\/tr>\n<tr>\n<td><\/td>\n<td><\/td>\n<td><\/td>\n<\/tr>\n<tr>\n<td>1984\/2\/2<\/td>\n<td>1985\/19\/2<\/td>\n<td>Rato<\/td>\n<\/tr>\n<tr>\n<td>1985\/20\/2<\/td>\n<td>1986\/8\/2<\/td>\n<td>B\u00fafalo<\/td>\n<\/tr>\n<tr>\n<td>1986\/9\/2<\/td>\n<td>1987\/28\/1<\/td>\n<td>Tigre<\/td>\n<\/tr>\n<tr>\n<td>1987\/29\/1<\/td>\n<td>1988\/16\/2<\/td>\n<td>Lebre<\/td>\n<\/tr>\n<tr>\n<td>1988\/17\/2<\/td>\n<td>1989\/5\/2<\/td>\n<td>Drag\u00e3o<\/td>\n<\/tr>\n<tr>\n<td>1989\/6\/2<\/td>\n<td>1990\/26\/1<\/td>\n<td>Serpente<\/td>\n<\/tr>\n<tr>\n<td>1990\/27\/1<\/td>\n<td>1991\/14\/2<\/td>\n<td>Cavalo<\/td>\n<\/tr>\n<tr>\n<td>1991\/15\/2<\/td>\n<td>1992\/3\/2<\/td>\n<td>Cabra<\/td>\n<\/tr>\n<tr>\n<td>1992\/4\/2<\/td>\n<td>1993\/22\/1<\/td>\n<td>Macaco<\/td>\n<\/tr>\n<tr>\n<td>1993\/23\/1<\/td>\n<td>1994\/9\/2<\/td>\n<td>Galo<\/td>\n<\/tr>\n<tr>\n<td>1994\/10\/2<\/td>\n<td>1995\/30\/1<\/td>\n<td>C\u00e3o<\/td>\n<\/tr>\n<tr>\n<td>1995\/31\/1<\/td>\n<td>1996\/18\/2<\/td>\n<td>Javali<\/td>\n<\/tr>\n<tr>\n<td><\/td>\n<td><\/td>\n<td><\/td>\n<\/tr>\n<tr>\n<td>1996\/19\/2<\/td>\n<td>1997\/16\/2<\/td>\n<td>Rato<\/td>\n<\/tr>\n<tr>\n<td>1997\/7\/2<\/td>\n<td>1998\/27\/1<\/td>\n<td>B\u00fafalo<\/td>\n<\/tr>\n<tr>\n<td><\/td>\n<td><\/td>\n<td><\/td>\n<\/tr>\n<\/tbody>\n<\/table>\n<p><strong>Rato<\/strong><\/p>\n<p>Os Ratos s\u00e3o encantadores, t\u00edmidos, simp\u00e1ticos, oportunistas, meticulosos, intelectuais, humoristas, soci\u00e1veis, tenazes, interesseiros. S\u00e3o criaturas de sucesso, com voca\u00e7\u00e3o para os neg\u00f3cios e para o poder.<\/p>\n<p>Personalidades do signo Rato:<br \/>\nLauren Bacall, Louis Armstrong, Mata-Hari, Churchill, Mozart, Marlon Brando, Saint-Exup\u00e9ry, J\u00falio Verne.<\/p>\n<p><strong>B\u00fafalo<\/strong><\/p>\n<p>Os B\u00fafalos s\u00e3o fortes, tenazes, trabalhadores, dedicados \u00e0 fam\u00edlia, met\u00f3dicos, equilibrados, t\u00eam esp\u00edrito de sacrif\u00edcio. S\u00e3o vingativos. O B\u00fafalo joga sempre pelo seguro. Quando se zanga \u00e9 muito perigoso.<\/p>\n<p>Personalidades do signo B\u00fafalo:<br \/>\nRobert Redford, Jane Fonda, Richard Burton, Arist\u00f3teles, Hitler, Dante, Hirohito, Maquiavel, Napole\u00e3o, Zapata, Walt Disney, Van Gogh, Bach, Renoir, Cocteau, Charlie Chaplin, Heisenberg,<\/p>\n<p><strong>Tigre<\/strong><\/p>\n<p>Os Tigres s\u00e3o nobres, impulsivos, obstinados, determinados, corajosos, ambiciosos, inteligentes, seguros, fortes, activos, chefes, protectores, honrados, liberais, sens\u00edveis, rom\u00e2nticos e apaixonados. Perseguem objectivos ousados. Gostam do perigo. N\u00e3o t\u00eam medo. T\u00eam sorte.<\/p>\n<p>Personalidades do signo Tigre:<br \/>\nAgatha Christie, Marilyn Monroe, Beethoven, Rimbaud, Bol\u00edvar, De Gaulle, Isabel II, Lu\u00eds XIV, Oscar Wilde, Karl Marx, Marco Polo.<\/p>\n<p><strong>Lebre<\/strong><\/p>\n<p>As Lebres (ou Gatos) s\u00e3o prudentes, pac\u00edficas, calmas, requintadas, engenhosas, virtuosas, sens\u00edveis, mundanas, senhoras de si, soci\u00e1veis, ambiciosas, dotadas. Caem sempre de p\u00e9.<\/p>\n<p>Personalidades do signo Lebre:<br \/>\nEinstein, Marie Curie, Conf\u00facio, Orson Wells, Estaline, Garibaldi, Rainha Vit\u00f3ria, Fidel Castro, Arthur Miller, Frank Sinatra.<\/p>\n<p><strong>Drag\u00e3o<\/strong><\/p>\n<p>O melhor signo do zod\u00edaco chin\u00eas. Os Drag\u00f5es t\u00eam \u00eaxito. S\u00e3o en\u00e9rgicos, entusiastas, tenazes, intuitivos, inteligentes, perfeccionistas, perspicazes, influentes, generosos, cativantes, independentes. A sorte est\u00e1 do seu lado. As mulheres do signo do Drag\u00e3o s\u00e3o o m\u00e1ximo.<\/p>\n<p>Personalidades do signo Drag\u00e3o:<br \/>\nLewis Carrol, Sarah Bernhardt, Joan Baez, John Lennon, Freud, Dali, Bernard Shaw, Marlene Dietrich, Nietzsche, Che Guevara, Miterrand, Rousseau .<\/p>\n<p><strong>Serpente<\/strong><\/p>\n<p>O mais sedutor dos signos. Para a serpente n\u00e3o h\u00e1 nada como um bom &#8220;flirt&#8221;. As Serpentes s\u00e3o fascinantes, infi\u00e9is, elegantes, divertidas, extravagantes, simp\u00e1ticas, sensatas, cerebrais, s\u00e1bias, fleum\u00e1ticas, calmas, pregui\u00e7osas, calmas, decididas, vingativas, vol\u00faveis. Grande capacidade de an\u00e1lise e perfeccionismo.<\/p>\n<p>Personalidades do signo Serpente:<br \/>\nEdgar Alan Poe, Greta Garbo, Bob Dilan, Baudelaire, Lincoln, Roosevelt, John Kennedy, Darwin, Gandhi, Luther King, Mao-Ts\u00e9 Tung, Richelieu, Cop\u00e9rnico, Casanova, Baden-Powell, Picasso, Mir\u00f3, Goethe, Schubert, Picasso, Sartre.<\/p>\n<p><strong>Cavalo<\/strong><\/p>\n<p>Os Cavalos s\u00e3o impacientes, ego\u00edstas, ambiciosos, independentes, snobs, poderosos, h\u00e1beis, en\u00e9rgicos, alegres, sentimentais, maus perdedores, sensuais. Adoram dar espect\u00e1culo. Apesar de normalmente serem diplom\u00e1ticos, tamb\u00e9m podem sofrer de falta de tacto. Desistem facilmente.<\/p>\n<p>Personalidades do signo Cavalo:<br \/>\nNewton, Pasteur, James Dean, Buffalo Bill, Papillon, Aldous Huxley, Lenine, Kruchtchev, Bergman, Chopin, Degas, Delacroix, James Joyce, Vivaldi, Rembrandt, Virginia Woolf, Beckett, Josephine Baker, Barbra Streisand, Ella Fitzgerald .<\/p>\n<p><strong>Cabra<\/strong><\/p>\n<p>As Cabras s\u00e3o inteligentes, criativas, indecisas, meigas, pac\u00edficas, simples. Normalmente interesseiras. Algumas s\u00e3o extremamente caprichosas e arrogantes.<\/p>\n<p>Personalidades do signo Cabra:<\/p>\n<p>Thomas Edison, John Ford, Daguerre, Proust, Pierre Curie, Miguel \u00c2ngelo, Listz, Mussolini, Kafka, Balzac, Mark Twain, Rudolph Valentino, Lawrence Olivier, John Wayne.<\/p>\n<p><strong>Macaco<\/strong><\/p>\n<p>Os Macacos s\u00e3o soci\u00e1veis, inconstantes, divertidos, simp\u00e1ticos, astutos, interesseiros, ego\u00edstas e por vezes pouco excr\u00fapulosos. Normalmente fogem \u00e0s responsabilidades.<\/p>\n<p>Personalidades do signo Macaco:<\/p>\n<p>Leonardo da Vinci, J\u00falio C\u00e9sar, Cook, Descartes, Dickens, Sade, Antonio Artaud, Byron, Gaugin, Chamberlain, El Greco, Buster Keaton, Bertrand Russel, Espinosa, Schopenhauer, Sylvie Vartan, Bette Davis, Elisabeth Taylor.<\/p>\n<p><strong>Galo<\/strong><\/p>\n<p>Os Galos s\u00e3o orgulhosos, talentosos, generosos, intr\u00e9pidos, aventureiros, corajosos, francos, entusiastas. Gostam de ser admirados. Frequentemente gabarolas, gastadores e descarados. Por vezes desconfiados. S\u00e3o ciumentos.<\/p>\n<p>Personalidades do signo Galo:<\/p>\n<p>Cop\u00e9rnico, La Fontaine, Wagner, Verdi, J. Strauss, Richelieu, Paulo VI, ra\u00ednha Vit\u00f3ria, Goebbels, Yves Montand, Jean Paul Belmondo, Carolina do M\u00f3naco, Mick Jagger.<\/p>\n<p><strong>C\u00e3o<\/strong><\/p>\n<p>Os C\u00e3es s\u00e3o fi\u00e9is, intuitivos, sens\u00edveis, af\u00e1veis, carinhosos, emotivos, sonhadores, cautelosos. Leais e com grande sentido de justi\u00e7a. T\u00eam bons sentimentos.<\/p>\n<p>Personalidades do signo C\u00e3o:<\/p>\n<p>Hemingway, Eisenstein, Garcia Lorca, Kurosawa, Leibnitz, Barnard, Bizet, Gershwin, Rasputine, Gagarine, B. Bardot, Sophia Loren, Voltaire, Von Zeppelin.<\/p>\n<p><strong>Javali<\/strong><\/p>\n<p>Os Javalis s\u00e3o honestos, materialistas, conscienciosos, correctos, aut\u00eanticos, cultos, sens\u00edveis, ing\u00e9nuos, adapt\u00e1veis, imaginativos, pacientes, prest\u00e1veis, indulgentes e apaixonados. Bem intencionados.<\/p>\n<p>Personalidades do signo Javali:<\/p>\n<p>Lavoisier, Pascal, Jung, Woody Allen, C\u00e9zanne, Chagal, Velasquez, Berlioz, Ravel, Duke Ellington, Hemingway, Garibaldi, Marat, Cromwell, Bismarck, Henrique VIII, Pompidou, Alain Delon, Hitchcock.<\/p>\n","protected":false},"excerpt":{"rendered":"<p>Astrologia Chinesa, por Ling Po Qual o seu signo? Os signos: Rato, Bufalo, Tigre, Lebre, Drag\u00e3o, Serpente, Cavalo, Cabra, Macaco, Galo, C\u00e3o, Javali. Introdu\u00e7\u00e3o: Origem dos signos chineses Diz a lenda que, no fim da sua vida, Buda chamou os animais e estes foram a correr ter com ele. Por ordem de chegada estes animais [&hellip;]<\/p>\n","protected":false},"author":1,"featured_media":0,"parent":0,"menu_order":0,"comment_status":"open","ping_status":"closed","template":"","meta":{"footnotes":""},"_links":{"self":[{"href":"http:\/\/www.inacreditavel.pt\/index.php?rest_route=\/wp\/v2\/pages\/4421"}],"collection":[{"href":"http:\/\/www.inacreditavel.pt\/index.php?rest_route=\/wp\/v2\/pages"}],"about":[{"href":"http:\/\/www.inacreditavel.pt\/index.php?rest_route=\/wp\/v2\/types\/page"}],"author":[{"embeddable":true,"href":"http:\/\/www.inacreditavel.pt\/index.php?rest_route=\/wp\/v2\/users\/1"}],"replies":[{"embeddable":true,"href":"http:\/\/www.inacreditavel.pt\/index.php?rest_route=%2Fwp%2Fv2%2Fcomments&post=4421"}],"version-history":[{"count":1,"href":"http:\/\/www.inacreditavel.pt\/index.php?rest_route=\/wp\/v2\/pages\/4421\/revisions"}],"predecessor-version":[{"id":4422,"href":"http:\/\/www.inacreditavel.pt\/index.php?rest_route=\/wp\/v2\/pages\/4421\/revisions\/4422"}],"wp:attachment":[{"href":"http:\/\/www.inacreditavel.pt\/index.php?rest_route=%2Fwp%2Fv2%2Fmedia&parent=4421"}],"curies":[{"name":"wp","href":"https:\/\/api.w.org\/{rel}","templated":true}]}}