{"id":4389,"date":"2008-11-23T02:47:52","date_gmt":"2008-11-23T02:47:52","guid":{"rendered":"http:\/\/inacreditavel.ioio.info\/?page_id=4389"},"modified":"2008-11-24T01:25:40","modified_gmt":"2008-11-24T01:25:40","slug":"signos-do-zodiaco","status":"publish","type":"page","link":"http:\/\/www.inacreditavel.pt\/?page_id=4389","title":{"rendered":"Signos do Zod\u00edaco"},"content":{"rendered":"<p><strong>CARNEIRO<\/strong><\/p>\n<p>\u00c9 entusiasta e energ\u00e9tico, por isso s\u00f3 faz \u00e9 merda. Leva tudo \u00e0 frente at\u00e9 bater com os cornos na parede. E depois chora porque \u00e9 um maricas de merda. Gostam de desporto mas t\u00eam mau perder como o caralho.<br \/>\nA mulher Carneiro \u00e9 bastante peluda na zona p\u00fabica.<br \/>\nAs crian\u00e7as Carneiro s\u00e3o geralmente piolhosas e ranhosas.<\/p>\n<p><strong>TOURO<\/strong><\/p>\n<p>Calmos e tenazes, mas \u00e9 s\u00f3 de apar\u00eancia porque s\u00e3o invejosos e teimosos como os cornos que t\u00eam na cabe\u00e7a (mas no verdadeiro sentido da palavra,porque s\u00e3o muitas vezes encornados por serem p\u00e9ssimos no sexo). Comem que nem umas bestas e de boca aberta.<br \/>\nAs mulheres Touro s\u00e3o umas vacas.<br \/>\nAs crian\u00e7as Touro s\u00e3o geralmente feias e peidam-se muito.<\/p>\n<p><strong>G\u00c9MEOS<\/strong><\/p>\n<p>Falam como o caralho mas n\u00e3o d\u00e3o uma para a caixa. Babam-se e deitam perdigotos para cima de quem falam. S\u00e3o uns filhos da puta que s\u00f3 pensam neles e nas gajas ou gajos que querem mocar&#8230; sim os g\u00e9meos papam tudo o que lhes aparece \u00e0 frente, desde o padre da par\u00f3quia \u00e0 velhinha com Alzheimer.<br \/>\nA mulher G\u00e9meos acaba geralmente em puta drogada.<br \/>\nA crian\u00e7a G\u00e9meos \u00e9 manipuladora e gosta de enfiar o dedo no cu.<\/p>\n<p><strong>CARANGUEJO<\/strong><\/p>\n<p>S\u00e3o amorosos e sonhadores por isso metem nojo aos porcos. Sempre com cara de parvos s\u00e3o muitas vezes apanhados a masturbar-se em gabinetes de prova de roupas porque n\u00e3o arranjam ningu\u00e9m que lhes queira tirar os 3. Vestem-se mal porque mesmo aos 40 s\u00e3o as m\u00e3es que lhes escolhem a roupa.<br \/>\nAs mulheres Caranguejo t\u00eam mamas grandes e fl\u00e1cidas e usam pensos higi\u00e9nicos ultra com alas (Reglex).<br \/>\nAs crian\u00e7as Caranguejo cheiram mal dos p\u00e9s e gostam de mexer nos seus cagalh\u00f5es com um pauzinho de f\u00f3sforo.<\/p>\n<p><strong>LE\u00c3O<\/strong><\/p>\n<p>Altivo e normalmente muito bonito, o que faz com que seja arrogante e petulante&#8230;mas t\u00e3o petulante que s\u00f3 d\u00e1 vontade de lhe arrebentar a tromba \u00e0 chapada. T\u00eam a mania que s\u00e3o bons mas s\u00e3o uma merda cagada porque t\u00eam muitas vezes hemorr\u00f3idas o que lhes impede de fazer sexo anal (que adoram). Usam muitas vezes o cabelo estilo emigrante.<br \/>\nAs mulheres Le\u00e3o s\u00e3o sado-masoquistas e adoram que lhes d\u00eam palmadas no cu com uma p\u00e1 das obras.<br \/>\nA crian\u00e7a Le\u00e3o \u00e9 est\u00fapida e tem muitas vezes diarreira.<\/p>\n<p><strong>VIRGEM<\/strong><\/p>\n<p>Organizado e met\u00f3dico, tem a mania de guardar os preservativos usados para n\u00e3o esquecer de quantas j\u00e1 deu. \u00c9 apanhado muitas vezes nas dunas a masturbar-se com revistas da M\u00f3nica e do Cebolinha. Tem pavor de sexo oral pois receia engasgar-se.<br \/>\nA mulher Virgem tem os l\u00e1bios bastante salientes e costuma rapar os pelos em forma de cora\u00e7\u00e3o.<br \/>\nA crian\u00e7a Virgem \u00e9 medonha. Tem geralmente os dentes podres.<\/p>\n<p><strong>BALAN\u00c7A<\/strong><\/p>\n<p>Com ar simp\u00e1tico mas completamente desequilibrado. Tem ar de louco. Costuma falar sozinho nas esplanadas e tem tiques de bicha. Gosta de arte mas acha que a Mona Lisa \u00e9 uma marca de desentupidor de sanitas&#8230;  portanto \u00e9 mesmo um burgesso&#8230; uma besta quadrada. Tem muitas vezes apenas um test\u00edculo.<br \/>\nA mulher Balan\u00e7a \u00e9 machona e costuma ter bu\u00e7o e p\u00ealos nas mamas.<br \/>\nA crian\u00e7a Balan\u00e7a tem frequentemente falta de c\u00e1lcio nos ossos por isso \u00e9 raqu\u00edtica e mentirosa.<\/p>\n<p><strong>ESCORPI\u00c3O<\/strong><\/p>\n<p>\u00c9 din\u00e2mico, mas falta-lhe ali qualquer coisinha. Geralmente falta-lhe o bom senso para perceber que n\u00e3o pode passar o dia a enfiar o dedo no cu e a cheirar. Costuma ter doen\u00e7as ven\u00e9reas porque prefere enfia o preservativo nos p\u00e9s enquanto faz sexo. \u00c9 p\u00e1lido e tem sempre aspecto cadav\u00e9rico.<br \/>\nA mulher Escorpi\u00e3o r\u00f3i as unhas dos p\u00e9s e assobia pela rata.<br \/>\nA crian\u00e7a Escorpi\u00e3o aprecia geralmente o seu pr\u00f3prio ranho e pensa muitas vezes que \u00e9 um c\u00e3o com raiva. Uiva muito.<\/p>\n<p><strong>SAGIT\u00c1RIO<\/strong><\/p>\n<p>Divertido, faz muitas vezes figuras tristes por se despir em p\u00fablico com as cuecas habitualmente cagadas e mijadas. O seu vocabul\u00e1rio \u00e9 limitado e tem olhos de carneiro-mal-morto. \u00c9 bastante peludo e tem o h\u00e1bito de fazer tran\u00e7as nos pintelhos.<br \/>\nA mulher Sagit\u00e1rio \u00e9 pavorosa e tem as axilas com bastante pelosidade.<br \/>\nA crian\u00e7a Sagit\u00e1rio \u00e9 uma aberra\u00e7\u00e3o da natureza mas \u00e0s vezes \u00e9 simp\u00e1tica, mas n\u00e3o muito.<\/p>\n<p><strong>CAPRIC\u00d3RNIO<\/strong><\/p>\n<p>Inteligente mas tem a mania que \u00e9 mais que os outros. Por esta raz\u00e3o \u00e9 muitas vezes espancado e violado. Gosta de gritar durante o sexo e de morder as bordas do cu do\/da parceiro\/a. \u00c9 alco\u00f3lico e costuma ter sempre a casa que mete nojo.<br \/>\nA mulher Capric\u00f3rnio tem uma peida gigante e peida-se com frequ\u00eancia.<br \/>\nA crian\u00e7a Capric\u00f3rnio \u00e9 uma c\u00f3pia dos pais&#8230;b\u00eabeda e mal-cheirosa.<\/p>\n<p><strong>AQU\u00c1RIO<\/strong><\/p>\n<p>\u00c9 um vision\u00e1rio. Mas n\u00e3o v\u00ea muito mais al\u00e9m que a ponta do seu nariz pois \u00e9 muitas vezes um cegueta com \u00f3culos tipo fundo de copo 3. \u00c9 um azarado de primeira e costuma pisar merda com frequ\u00eancia. O seu aspecto porco e sujo faz com que tenha poucos amigos.<br \/>\nA mulher Aqu\u00e1rio \u00e9 maluca e arrota de boca aberta \u00e0 mesa.<br \/>\nA crian\u00e7a Aqu\u00e1rio parece um macaquinho. Borra-se com frequ\u00eancia.<\/p>\n<p><strong>PEIXES<\/strong><\/p>\n<p>\u00c9 am\u00e1vel&#8230; mas s\u00f3 quando lhe conv\u00e9m. \u00c9 interesseiro mas sofre de consci\u00eancia pesada. Devido aos nervos tem a pele escamosa a contrastar com o cabelo oleoso. Gosta de ser maltratado(a) e abusado(a). Aprecia que lhe mijem em cima e o a\u00e7oitem no traseiro.<br \/>\nA mulher Peixes cheira a peixe e tem a paranoia de se masturbar com as unhas falhadas, mas s\u00f3 quando n\u00e3o vai \u00e0 esquina foder o primeiro(a) que apanha.<br \/>\nA crian\u00e7a Peixes \u00e9 porca e feia e pensa que \u00e9 um bolo de arroz.<\/p>\n","protected":false},"excerpt":{"rendered":"<p>CARNEIRO \u00c9 entusiasta e energ\u00e9tico, por isso s\u00f3 faz \u00e9 merda. Leva tudo \u00e0 frente at\u00e9 bater com os cornos na parede. E depois chora porque \u00e9 um maricas de merda. Gostam de desporto mas t\u00eam mau perder como o caralho. A mulher Carneiro \u00e9 bastante peluda na zona p\u00fabica. As crian\u00e7as Carneiro s\u00e3o geralmente [&hellip;]<\/p>\n","protected":false},"author":1,"featured_media":0,"parent":0,"menu_order":0,"comment_status":"open","ping_status":"closed","template":"","meta":{"footnotes":""},"_links":{"self":[{"href":"http:\/\/www.inacreditavel.pt\/index.php?rest_route=\/wp\/v2\/pages\/4389"}],"collection":[{"href":"http:\/\/www.inacreditavel.pt\/index.php?rest_route=\/wp\/v2\/pages"}],"about":[{"href":"http:\/\/www.inacreditavel.pt\/index.php?rest_route=\/wp\/v2\/types\/page"}],"author":[{"embeddable":true,"href":"http:\/\/www.inacreditavel.pt\/index.php?rest_route=\/wp\/v2\/users\/1"}],"replies":[{"embeddable":true,"href":"http:\/\/www.inacreditavel.pt\/index.php?rest_route=%2Fwp%2Fv2%2Fcomments&post=4389"}],"version-history":[{"count":7,"href":"http:\/\/www.inacreditavel.pt\/index.php?rest_route=\/wp\/v2\/pages\/4389\/revisions"}],"predecessor-version":[{"id":4420,"href":"http:\/\/www.inacreditavel.pt\/index.php?rest_route=\/wp\/v2\/pages\/4389\/revisions\/4420"}],"wp:attachment":[{"href":"http:\/\/www.inacreditavel.pt\/index.php?rest_route=%2Fwp%2Fv2%2Fmedia&parent=4389"}],"curies":[{"name":"wp","href":"https:\/\/api.w.org\/{rel}","templated":true}]}}